{"id":25,"date":"2021-11-26T12:22:31","date_gmt":"2021-11-26T12:22:31","guid":{"rendered":"https:\/\/ecole-fourtanier.org\/?page_id=25"},"modified":"2022-11-08T15:31:30","modified_gmt":"2022-11-08T15:31:30","slug":"actualites","status":"publish","type":"page","link":"https:\/\/ecole-fourtanier.org\/index.php\/actualites\/","title":{"rendered":"ACTUALITES"},"content":{"rendered":"\t\t<div data-elementor-type=\"wp-page\" data-elementor-id=\"25\" class=\"elementor elementor-25\">\n\t\t\t\t\t\t\t\t\t<section class=\"elementor-section elementor-top-section elementor-element elementor-element-0b85ea4 elementor-section-stretched elementor-section-boxed elementor-section-height-default elementor-section-height-default\" data-id=\"0b85ea4\" data-element_type=\"section\" data-settings=\"{&quot;stretch_section&quot;:&quot;section-stretched&quot;,&quot;background_background&quot;:&quot;classic&quot;,&quot;background_motion_fx_motion_fx_scrolling&quot;:&quot;yes&quot;,&quot;background_motion_fx_translateY_effect&quot;:&quot;yes&quot;,&quot;background_motion_fx_translateY_speed&quot;:{&quot;unit&quot;:&quot;px&quot;,&quot;size&quot;:6.1,&quot;sizes&quot;:[]},&quot;background_motion_fx_translateY_affectedRange&quot;:{&quot;unit&quot;:&quot;%&quot;,&quot;size&quot;:&quot;&quot;,&quot;sizes&quot;:{&quot;start&quot;:0,&quot;end&quot;:100}},&quot;background_motion_fx_devices&quot;:[&quot;desktop&quot;,&quot;tablet&quot;,&quot;mobile&quot;]}\">\n\t\t\t\t\t\t<div class=\"elementor-container elementor-column-gap-default\">\n\t\t\t\t\t<div class=\"elementor-column elementor-col-100 elementor-top-column elementor-element elementor-element-c77ed18\" data-id=\"c77ed18\" data-element_type=\"column\">\n\t\t\t<div class=\"elementor-widget-wrap elementor-element-populated\">\n\t\t\t\t\t\t\t\t<div class=\"elementor-element elementor-element-83abfa9 elementor-widget elementor-widget-heading\" data-id=\"83abfa9\" data-element_type=\"widget\" data-widget_type=\"heading.default\">\n\t\t\t\t<div class=\"elementor-widget-container\">\n\t\t\t<style>\/*! elementor - v3.7.4 - 31-08-2022 *\/\n.elementor-heading-title{padding:0;margin:0;line-height:1}.elementor-widget-heading .elementor-heading-title[class*=elementor-size-]>a{color:inherit;font-size:inherit;line-height:inherit}.elementor-widget-heading .elementor-heading-title.elementor-size-small{font-size:15px}.elementor-widget-heading .elementor-heading-title.elementor-size-medium{font-size:19px}.elementor-widget-heading .elementor-heading-title.elementor-size-large{font-size:29px}.elementor-widget-heading .elementor-heading-title.elementor-size-xl{font-size:39px}.elementor-widget-heading .elementor-heading-title.elementor-size-xxl{font-size:59px}<\/style><h2 class=\"elementor-heading-title elementor-size-default\">actualit\u00e9s<\/h2>\t\t<\/div>\n\t\t\t\t<\/div>\n\t\t\t\t\t<\/div>\n\t\t<\/div>\n\t\t\t\t\t\t\t<\/div>\n\t\t<\/section>\n\t\t\t\t<section class=\"elementor-section elementor-top-section elementor-element elementor-element-ea7242d elementor-section-boxed elementor-section-height-default elementor-section-height-default\" data-id=\"ea7242d\" data-element_type=\"section\">\n\t\t\t\t\t\t<div class=\"elementor-container elementor-column-gap-default\">\n\t\t\t\t\t<div class=\"elementor-column elementor-col-33 elementor-top-column elementor-element elementor-element-4021453\" data-id=\"4021453\" data-element_type=\"column\">\n\t\t\t<div class=\"elementor-widget-wrap elementor-element-populated\">\n\t\t\t\t\t\t\t\t<div class=\"elementor-element elementor-element-fa422af elementor-widget elementor-widget-image\" data-id=\"fa422af\" data-element_type=\"widget\" data-widget_type=\"image.default\">\n\t\t\t\t<div class=\"elementor-widget-container\">\n\t\t\t<style>\/*! elementor - v3.7.4 - 31-08-2022 *\/\n.elementor-widget-image{text-align:center}.elementor-widget-image a{display:inline-block}.elementor-widget-image a img[src$=\".svg\"]{width:48px}.elementor-widget-image img{vertical-align:middle;display:inline-block}<\/style>\t\t\t\t\t\t\t\t\t\t\t\t<img loading=\"lazy\" decoding=\"async\" width=\"698\" height=\"226\" src=\"https:\/\/ecole-fourtanier.org\/wp-content\/uploads\/2021\/11\/Groupe-3.png\" class=\"attachment-large size-large\" alt=\"\" srcset=\"https:\/\/ecole-fourtanier.org\/wp-content\/uploads\/2021\/11\/Groupe-3.png 698w, https:\/\/ecole-fourtanier.org\/wp-content\/uploads\/2021\/11\/Groupe-3-300x97.png 300w\" sizes=\"auto, (max-width: 698px) 100vw, 698px\" \/>\t\t\t\t\t\t\t\t\t\t\t\t\t\t\t<\/div>\n\t\t\t\t<\/div>\n\t\t\t\t<div class=\"elementor-element elementor-element-422fd9d elementor-grid-1 elementor-grid-tablet-2 elementor-grid-mobile-1 elementor-posts--thumbnail-top elementor-widget elementor-widget-posts\" data-id=\"422fd9d\" data-element_type=\"widget\" data-settings=\"{&quot;classic_columns&quot;:&quot;1&quot;,&quot;classic_columns_tablet&quot;:&quot;2&quot;,&quot;classic_columns_mobile&quot;:&quot;1&quot;,&quot;classic_row_gap&quot;:{&quot;unit&quot;:&quot;px&quot;,&quot;size&quot;:35,&quot;sizes&quot;:[]},&quot;classic_row_gap_tablet&quot;:{&quot;unit&quot;:&quot;px&quot;,&quot;size&quot;:&quot;&quot;,&quot;sizes&quot;:[]},&quot;classic_row_gap_mobile&quot;:{&quot;unit&quot;:&quot;px&quot;,&quot;size&quot;:&quot;&quot;,&quot;sizes&quot;:[]}}\" data-widget_type=\"posts.classic\">\n\t\t\t\t<div class=\"elementor-widget-container\">\n\t\t\t<link rel=\"stylesheet\" href=\"https:\/\/ecole-fourtanier.org\/wp-content\/plugins\/elementor-pro\/assets\/css\/widget-posts.min.css\">\t\t<div class=\"elementor-posts-container elementor-posts elementor-posts--skin-classic elementor-grid\">\n\t\t\t\t<article class=\"elementor-post elementor-grid-item post-606 post type-post status-publish format-standard hentry category-uncategorized\">\n\t\t\t\t<div class=\"elementor-post__text\">\n\t\t\t\t<h3 class=\"elementor-post__title\">\n\t\t\t<a href=\"https:\/\/ecole-fourtanier.org\/index.php\/2024\/01\/31\/suivi-des-travaux-sur-lecole\/\" >\n\t\t\t\tSUIVI DES TRAVAUX SUR L&rsquo;ECOLE\t\t\t<\/a>\n\t\t<\/h3>\n\t\t\t\t<div class=\"elementor-post__meta-data\">\n\t\t\t\t\t<span class=\"elementor-post-date\">\n\t\t\tjanvier 31, 2024\t\t<\/span>\n\t\t\t\t<span class=\"elementor-post-avatar\">\n\t\t\tAucun commentaire\t\t<\/span>\n\t\t\t\t<\/div>\n\t\t\t\t<div class=\"elementor-post__excerpt\">\n\t\t\t<p>R\u00e9sum\u00e9 de la R\u00e9union avec la Mairie du 09 Janvier 2024 Chers parents, Nous souhaitons vous informer des derniers d\u00e9veloppements suite \u00e0 notre r\u00e9cente r\u00e9union<\/p>\n\t\t<\/div>\n\t\t\n\t\t<a class=\"elementor-post__read-more\" href=\"https:\/\/ecole-fourtanier.org\/index.php\/2024\/01\/31\/suivi-des-travaux-sur-lecole\/\" >\n\t\t\tVoir plus\t\t<\/a>\n\n\t\t\t\t<\/div>\n\t\t\t\t<\/article>\n\t\t\t\t<article class=\"elementor-post elementor-grid-item post-601 post type-post status-publish format-standard hentry category-uncategorized\">\n\t\t\t\t<div class=\"elementor-post__text\">\n\t\t\t\t<h3 class=\"elementor-post__title\">\n\t\t\t<a href=\"https:\/\/ecole-fourtanier.org\/index.php\/2024\/01\/31\/reussite-gourmande-notre-vente-de-gateaux-maison\/\" >\n\t\t\t\tR\u00e9ussite gourmande : notre vente de g\u00e2teaux maison !\t\t\t<\/a>\n\t\t<\/h3>\n\t\t\t\t<div class=\"elementor-post__meta-data\">\n\t\t\t\t\t<span class=\"elementor-post-date\">\n\t\t\tjanvier 31, 2024\t\t<\/span>\n\t\t\t\t<span class=\"elementor-post-avatar\">\n\t\t\tAucun commentaire\t\t<\/span>\n\t\t\t\t<\/div>\n\t\t\t\t<div class=\"elementor-post__excerpt\">\n\t\t\t<p>Chers parents et amis de l&rsquo;\u00e9cole Fourtanier, Nous sommes ravis de partager avec vous le succ\u00e8s de notre derni\u00e8re initiative gourmande ! Le 16 janvier<\/p>\n\t\t<\/div>\n\t\t\n\t\t<a class=\"elementor-post__read-more\" href=\"https:\/\/ecole-fourtanier.org\/index.php\/2024\/01\/31\/reussite-gourmande-notre-vente-de-gateaux-maison\/\" >\n\t\t\tVoir plus\t\t<\/a>\n\n\t\t\t\t<\/div>\n\t\t\t\t<\/article>\n\t\t\t\t<article class=\"elementor-post elementor-grid-item post-589 post type-post status-publish format-standard hentry category-uncategorized\">\n\t\t\t\t<div class=\"elementor-post__text\">\n\t\t\t\t<h3 class=\"elementor-post__title\">\n\t\t\t<a href=\"https:\/\/ecole-fourtanier.org\/index.php\/2023\/10\/18\/assemblee-generale-le-15-11-2023\/\" >\n\t\t\t\tASSEMBLEE GENERALE LE 15.11.2023\t\t\t<\/a>\n\t\t<\/h3>\n\t\t\t\t<div class=\"elementor-post__meta-data\">\n\t\t\t\t\t<span class=\"elementor-post-date\">\n\t\t\toctobre 18, 2023\t\t<\/span>\n\t\t\t\t<span class=\"elementor-post-avatar\">\n\t\t\tAucun commentaire\t\t<\/span>\n\t\t\t\t<\/div>\n\t\t\t\t<div class=\"elementor-post__excerpt\">\n\t\t\t<p>Bonjour \u00e0 toutes et tous, L&rsquo;Assembl\u00e9e G\u00e9n\u00e9rale de l&rsquo;association se tiendra le 15.11, mercredi, \u00e0 18h00. A cette occasion, les membres de l&rsquo;association pourront \u00e9changer<\/p>\n\t\t<\/div>\n\t\t\n\t\t<a class=\"elementor-post__read-more\" href=\"https:\/\/ecole-fourtanier.org\/index.php\/2023\/10\/18\/assemblee-generale-le-15-11-2023\/\" >\n\t\t\tVoir plus\t\t<\/a>\n\n\t\t\t\t<\/div>\n\t\t\t\t<\/article>\n\t\t\t\t<article class=\"elementor-post elementor-grid-item post-1 post type-post status-publish format-standard hentry category-assemblee-generale\">\n\t\t\t\t<div class=\"elementor-post__text\">\n\t\t\t\t<h3 class=\"elementor-post__title\">\n\t\t\t<a href=\"https:\/\/ecole-fourtanier.org\/index.php\/2022\/11\/08\/assemblee-generale-de-lassociation-des-parents-deleves\/\" >\n\t\t\t\tAssembl\u00e9e G\u00e9n\u00e9rale de l&rsquo;association des parents d&rsquo;\u00e9l\u00e8ves\t\t\t<\/a>\n\t\t<\/h3>\n\t\t\t\t<div class=\"elementor-post__meta-data\">\n\t\t\t\t\t<span class=\"elementor-post-date\">\n\t\t\tnovembre 8, 2022\t\t<\/span>\n\t\t\t\t<span class=\"elementor-post-avatar\">\n\t\t\tAucun commentaire\t\t<\/span>\n\t\t\t\t<\/div>\n\t\t\t\t<div class=\"elementor-post__excerpt\">\n\t\t\t<p>Chers Parents, &nbsp; L&rsquo;Assemble\u0301e Ge\u0301ne\u0301rale de l&rsquo;association des parents d&rsquo;e\u0301le\u0300ves se tiendra le lundi 21 novembre 2022 a\u0300 18h30 en visio. A cette occasion, nous<\/p>\n\t\t<\/div>\n\t\t\n\t\t<a class=\"elementor-post__read-more\" href=\"https:\/\/ecole-fourtanier.org\/index.php\/2022\/11\/08\/assemblee-generale-de-lassociation-des-parents-deleves\/\" >\n\t\t\tVoir plus\t\t<\/a>\n\n\t\t\t\t<\/div>\n\t\t\t\t<\/article>\n\t\t\t\t<\/div>\n\n\n\t\t\n\t\t\t\t<\/div>\n\t\t\t\t<\/div>\n\t\t\t\t\t<\/div>\n\t\t<\/div>\n\t\t\t\t<div class=\"elementor-column elementor-col-33 elementor-top-column elementor-element elementor-element-beba835\" data-id=\"beba835\" data-element_type=\"column\">\n\t\t\t<div class=\"elementor-widget-wrap\">\n\t\t\t\t\t\t\t\t\t<\/div>\n\t\t<\/div>\n\t\t\t\t<div class=\"elementor-column elementor-col-33 elementor-top-column elementor-element elementor-element-41d8b11\" data-id=\"41d8b11\" data-element_type=\"column\">\n\t\t\t<div class=\"elementor-widget-wrap\">\n\t\t\t\t\t\t\t\t\t<\/div>\n\t\t<\/div>\n\t\t\t\t\t\t\t<\/div>\n\t\t<\/section>\n\t\t\t\t\t\t\t<\/div>\n\t\t","protected":false},"excerpt":{"rendered":"<p>actualit\u00e9s<\/p>\n","protected":false},"author":2,"featured_media":0,"parent":0,"menu_order":0,"comment_status":"closed","ping_status":"closed","template":"","meta":{"footnotes":""},"class_list":["post-25","page","type-page","status-publish","hentry"],"yoast_head":"<!-- This site is optimized with the Yoast SEO plugin v19.1 - https:\/\/yoast.com\/wordpress\/plugins\/seo\/ -->\n<title>ACTUALITES - Association Fourtanier<\/title>\n<meta name=\"robots\" content=\"index, follow, max-snippet:-1, max-image-preview:large, max-video-preview:-1\" \/>\n<link rel=\"canonical\" href=\"https:\/\/ecole-fourtanier.org\/index.php\/actualites\/\" \/>\n<meta property=\"og:locale\" content=\"fr_FR\" \/>\n<meta property=\"og:type\" content=\"article\" \/>\n<meta property=\"og:title\" content=\"ACTUALITES - Association Fourtanier\" \/>\n<meta property=\"og:description\" content=\"actualit\u00e9s\" \/>\n<meta property=\"og:url\" content=\"https:\/\/ecole-fourtanier.org\/index.php\/actualites\/\" \/>\n<meta property=\"og:site_name\" content=\"Association Fourtanier\" \/>\n<meta property=\"article:modified_time\" content=\"2022-11-08T15:31:30+00:00\" \/>\n<meta property=\"og:image\" content=\"https:\/\/ecole-fourtanier.org\/wp-content\/uploads\/2021\/11\/Groupe-3.png\" \/>\n<meta name=\"twitter:card\" content=\"summary_large_image\" \/>\n<meta name=\"twitter:label1\" content=\"Dur\u00e9e de lecture estim\u00e9e\" \/>\n\t<meta name=\"twitter:data1\" content=\"1 minute\" \/>\n<script type=\"application\/ld+json\" class=\"yoast-schema-graph\">{\"@context\":\"https:\/\/schema.org\",\"@graph\":[{\"@type\":\"WebSite\",\"@id\":\"https:\/\/ecole-fourtanier.org\/#website\",\"url\":\"https:\/\/ecole-fourtanier.org\/\",\"name\":\"Association Fourtanier\",\"description\":\"Just another WordPress site\",\"potentialAction\":[{\"@type\":\"SearchAction\",\"target\":{\"@type\":\"EntryPoint\",\"urlTemplate\":\"https:\/\/ecole-fourtanier.org\/?s={search_term_string}\"},\"query-input\":\"required name=search_term_string\"}],\"inLanguage\":\"fr-FR\"},{\"@type\":\"ImageObject\",\"inLanguage\":\"fr-FR\",\"@id\":\"https:\/\/ecole-fourtanier.org\/index.php\/actualites\/#primaryimage\",\"url\":\"https:\/\/ecole-fourtanier.org\/wp-content\/uploads\/2021\/11\/Groupe-3.png\",\"contentUrl\":\"https:\/\/ecole-fourtanier.org\/wp-content\/uploads\/2021\/11\/Groupe-3.png\",\"width\":698,\"height\":226},{\"@type\":\"WebPage\",\"@id\":\"https:\/\/ecole-fourtanier.org\/index.php\/actualites\/#webpage\",\"url\":\"https:\/\/ecole-fourtanier.org\/index.php\/actualites\/\",\"name\":\"ACTUALITES - Association Fourtanier\",\"isPartOf\":{\"@id\":\"https:\/\/ecole-fourtanier.org\/#website\"},\"primaryImageOfPage\":{\"@id\":\"https:\/\/ecole-fourtanier.org\/index.php\/actualites\/#primaryimage\"},\"datePublished\":\"2021-11-26T12:22:31+00:00\",\"dateModified\":\"2022-11-08T15:31:30+00:00\",\"breadcrumb\":{\"@id\":\"https:\/\/ecole-fourtanier.org\/index.php\/actualites\/#breadcrumb\"},\"inLanguage\":\"fr-FR\",\"potentialAction\":[{\"@type\":\"ReadAction\",\"target\":[\"https:\/\/ecole-fourtanier.org\/index.php\/actualites\/\"]}]},{\"@type\":\"BreadcrumbList\",\"@id\":\"https:\/\/ecole-fourtanier.org\/index.php\/actualites\/#breadcrumb\",\"itemListElement\":[{\"@type\":\"ListItem\",\"position\":1,\"name\":\"Accueil\",\"item\":\"https:\/\/ecole-fourtanier.org\/index.php\/accueil\/\"},{\"@type\":\"ListItem\",\"position\":2,\"name\":\"ACTUALITES\"}]}]}<\/script>\n<!-- \/ Yoast SEO plugin. -->","yoast_head_json":{"title":"ACTUALITES - Association Fourtanier","robots":{"index":"index","follow":"follow","max-snippet":"max-snippet:-1","max-image-preview":"max-image-preview:large","max-video-preview":"max-video-preview:-1"},"canonical":"https:\/\/ecole-fourtanier.org\/index.php\/actualites\/","og_locale":"fr_FR","og_type":"article","og_title":"ACTUALITES - Association Fourtanier","og_description":"actualit\u00e9s","og_url":"https:\/\/ecole-fourtanier.org\/index.php\/actualites\/","og_site_name":"Association Fourtanier","article_modified_time":"2022-11-08T15:31:30+00:00","og_image":[{"url":"https:\/\/ecole-fourtanier.org\/wp-content\/uploads\/2021\/11\/Groupe-3.png"}],"twitter_card":"summary_large_image","twitter_misc":{"Dur\u00e9e de lecture estim\u00e9e":"1 minute"},"schema":{"@context":"https:\/\/schema.org","@graph":[{"@type":"WebSite","@id":"https:\/\/ecole-fourtanier.org\/#website","url":"https:\/\/ecole-fourtanier.org\/","name":"Association Fourtanier","description":"Just another WordPress site","potentialAction":[{"@type":"SearchAction","target":{"@type":"EntryPoint","urlTemplate":"https:\/\/ecole-fourtanier.org\/?s={search_term_string}"},"query-input":"required name=search_term_string"}],"inLanguage":"fr-FR"},{"@type":"ImageObject","inLanguage":"fr-FR","@id":"https:\/\/ecole-fourtanier.org\/index.php\/actualites\/#primaryimage","url":"https:\/\/ecole-fourtanier.org\/wp-content\/uploads\/2021\/11\/Groupe-3.png","contentUrl":"https:\/\/ecole-fourtanier.org\/wp-content\/uploads\/2021\/11\/Groupe-3.png","width":698,"height":226},{"@type":"WebPage","@id":"https:\/\/ecole-fourtanier.org\/index.php\/actualites\/#webpage","url":"https:\/\/ecole-fourtanier.org\/index.php\/actualites\/","name":"ACTUALITES - Association Fourtanier","isPartOf":{"@id":"https:\/\/ecole-fourtanier.org\/#website"},"primaryImageOfPage":{"@id":"https:\/\/ecole-fourtanier.org\/index.php\/actualites\/#primaryimage"},"datePublished":"2021-11-26T12:22:31+00:00","dateModified":"2022-11-08T15:31:30+00:00","breadcrumb":{"@id":"https:\/\/ecole-fourtanier.org\/index.php\/actualites\/#breadcrumb"},"inLanguage":"fr-FR","potentialAction":[{"@type":"ReadAction","target":["https:\/\/ecole-fourtanier.org\/index.php\/actualites\/"]}]},{"@type":"BreadcrumbList","@id":"https:\/\/ecole-fourtanier.org\/index.php\/actualites\/#breadcrumb","itemListElement":[{"@type":"ListItem","position":1,"name":"Accueil","item":"https:\/\/ecole-fourtanier.org\/index.php\/accueil\/"},{"@type":"ListItem","position":2,"name":"ACTUALITES"}]}]}},"_links":{"self":[{"href":"https:\/\/ecole-fourtanier.org\/index.php\/wp-json\/wp\/v2\/pages\/25","targetHints":{"allow":["GET"]}}],"collection":[{"href":"https:\/\/ecole-fourtanier.org\/index.php\/wp-json\/wp\/v2\/pages"}],"about":[{"href":"https:\/\/ecole-fourtanier.org\/index.php\/wp-json\/wp\/v2\/types\/page"}],"author":[{"embeddable":true,"href":"https:\/\/ecole-fourtanier.org\/index.php\/wp-json\/wp\/v2\/users\/2"}],"replies":[{"embeddable":true,"href":"https:\/\/ecole-fourtanier.org\/index.php\/wp-json\/wp\/v2\/comments?post=25"}],"version-history":[{"count":17,"href":"https:\/\/ecole-fourtanier.org\/index.php\/wp-json\/wp\/v2\/pages\/25\/revisions"}],"predecessor-version":[{"id":576,"href":"https:\/\/ecole-fourtanier.org\/index.php\/wp-json\/wp\/v2\/pages\/25\/revisions\/576"}],"wp:attachment":[{"href":"https:\/\/ecole-fourtanier.org\/index.php\/wp-json\/wp\/v2\/media?parent=25"}],"curies":[{"name":"wp","href":"https:\/\/api.w.org\/{rel}","templated":true}]}}